{"id":169,"date":"2020-08-09T12:48:34","date_gmt":"2020-08-09T12:48:34","guid":{"rendered":"https:\/\/katha.skyon.ch\/?page_id=169"},"modified":"2020-08-18T15:27:55","modified_gmt":"2020-08-18T15:27:55","slug":"pouring-art-2","status":"publish","type":"page","link":"https:\/\/katha.skyon.ch\/?page_id=169","title":{"rendered":"Pouring Technik"},"content":{"rendered":"\t\t<div data-elementor-type=\"wp-page\" data-elementor-id=\"169\" class=\"elementor elementor-169\">\n\t\t\t\t\t\t\t\t\t<section class=\"elementor-section elementor-top-section elementor-element elementor-element-4c91806 elementor-section-boxed elementor-section-height-default elementor-section-height-default\" data-id=\"4c91806\" data-element_type=\"section\">\n\t\t\t\t\t\t<div class=\"elementor-container elementor-column-gap-default\">\n\t\t\t\t\t<div class=\"elementor-column elementor-col-100 elementor-top-column elementor-element elementor-element-7a9a81f\" data-id=\"7a9a81f\" data-element_type=\"column\">\n\t\t\t<div class=\"elementor-widget-wrap elementor-element-populated\">\n\t\t\t\t\t\t\t\t<div class=\"elementor-element elementor-element-7a8ac47 elementor-widget elementor-widget-spacer\" data-id=\"7a8ac47\" data-element_type=\"widget\" data-widget_type=\"spacer.default\">\n\t\t\t\t<div class=\"elementor-widget-container\">\n\t\t\t\t\t<div class=\"elementor-spacer\">\n\t\t\t<div class=\"elementor-spacer-inner\"><\/div>\n\t\t<\/div>\n\t\t\t\t<\/div>\n\t\t\t\t<\/div>\n\t\t\t\t<div class=\"elementor-element elementor-element-ea869f3 elementor-widget elementor-widget-text-editor\" data-id=\"ea869f3\" data-element_type=\"widget\" data-widget_type=\"text-editor.default\">\n\t\t\t\t<div class=\"elementor-widget-container\">\n\t\t\t\t\t\t\t<p>Was ist Pouring-Technik?\u00a0 Der englische Begriff \u201epouring\u201c bedeutet \u00fcbersetzt gie\u00dfen oder sch\u00fctten. Bei dieser Technik werden die Farben also nicht mit dem Pinsel oder Spachtel aufgetragen, sondern auf die Leinwand gesch\u00fcttet. Durch das Ineinanderflie\u00dfen mehrerer Farben ergeben sich interessante Marmoriereffekte. Dazu mischt man in die Acrylfarbe Wasser und ein \u00abpouring\u00bb Mittel. Ich verwende zus\u00e4tzlich f\u00fcr das Pouring den F\u00f6n.<\/p><p>F\u00fcr diese Technik muss man nicht gegenst\u00e4ndlich malen k\u00f6nnen, sondern einfach nur Spa\u00df am Experimentieren haben! Und ein wenig Fantasie besitzen.<\/p>\t\t\t\t\t\t<\/div>\n\t\t\t\t<\/div>\n\t\t\t\t\t<\/div>\n\t\t<\/div>\n\t\t\t\t\t\t\t<\/div>\n\t\t<\/section>\n\t\t\t\t<section class=\"elementor-section elementor-top-section elementor-element elementor-element-7254752 elementor-section-boxed elementor-section-height-default elementor-section-height-default\" data-id=\"7254752\" data-element_type=\"section\">\n\t\t\t\t\t\t<div class=\"elementor-container elementor-column-gap-default\">\n\t\t\t\t\t<div class=\"elementor-column elementor-col-33 elementor-top-column elementor-element elementor-element-0e5d32a\" data-id=\"0e5d32a\" data-element_type=\"column\">\n\t\t\t<div class=\"elementor-widget-wrap elementor-element-populated\">\n\t\t\t\t\t\t\t\t<div class=\"elementor-element elementor-element-eb3496d elementor-widget elementor-widget-image\" data-id=\"eb3496d\" data-element_type=\"widget\" data-widget_type=\"image.default\">\n\t\t\t\t<div class=\"elementor-widget-container\">\n\t\t\t\t\t\t\t\t\t\t\t\t\t\t\t<img fetchpriority=\"high\" decoding=\"async\" width=\"843\" height=\"844\" src=\"https:\/\/katha.skyon.ch\/wp-content\/uploads\/2020\/08\/Pouring-Art-2.jpg\" class=\"attachment-large size-large wp-image-160\" alt=\"\" srcset=\"https:\/\/katha.skyon.ch\/wp-content\/uploads\/2020\/08\/Pouring-Art-2.jpg 843w, https:\/\/katha.skyon.ch\/wp-content\/uploads\/2020\/08\/Pouring-Art-2-300x300.jpg 300w, https:\/\/katha.skyon.ch\/wp-content\/uploads\/2020\/08\/Pouring-Art-2-150x150.jpg 150w, https:\/\/katha.skyon.ch\/wp-content\/uploads\/2020\/08\/Pouring-Art-2-768x769.jpg 768w\" sizes=\"(max-width: 843px) 100vw, 843px\" \/>\t\t\t\t\t\t\t\t\t\t\t\t\t\t\t<\/div>\n\t\t\t\t<\/div>\n\t\t\t\t\t<\/div>\n\t\t<\/div>\n\t\t\t\t<div class=\"elementor-column elementor-col-33 elementor-top-column elementor-element elementor-element-2cd0627\" data-id=\"2cd0627\" data-element_type=\"column\">\n\t\t\t<div class=\"elementor-widget-wrap elementor-element-populated\">\n\t\t\t\t\t\t\t\t<div class=\"elementor-element elementor-element-5b9406c elementor-widget elementor-widget-image\" data-id=\"5b9406c\" data-element_type=\"widget\" data-widget_type=\"image.default\">\n\t\t\t\t<div class=\"elementor-widget-container\">\n\t\t\t\t\t\t\t\t\t\t\t\t\t\t\t<img decoding=\"async\" width=\"988\" height=\"860\" src=\"https:\/\/katha.skyon.ch\/wp-content\/uploads\/2020\/08\/Pouring-Art-11.jpg\" class=\"attachment-large size-large wp-image-163\" alt=\"\" srcset=\"https:\/\/katha.skyon.ch\/wp-content\/uploads\/2020\/08\/Pouring-Art-11.jpg 988w, https:\/\/katha.skyon.ch\/wp-content\/uploads\/2020\/08\/Pouring-Art-11-300x261.jpg 300w, https:\/\/katha.skyon.ch\/wp-content\/uploads\/2020\/08\/Pouring-Art-11-768x669.jpg 768w\" sizes=\"(max-width: 988px) 100vw, 988px\" \/>\t\t\t\t\t\t\t\t\t\t\t\t\t\t\t<\/div>\n\t\t\t\t<\/div>\n\t\t\t\t\t<\/div>\n\t\t<\/div>\n\t\t\t\t<div class=\"elementor-column elementor-col-33 elementor-top-column elementor-element elementor-element-f0352a3\" data-id=\"f0352a3\" data-element_type=\"column\">\n\t\t\t<div class=\"elementor-widget-wrap elementor-element-populated\">\n\t\t\t\t\t\t\t\t<div class=\"elementor-element elementor-element-e093955 elementor-widget elementor-widget-image\" data-id=\"e093955\" data-element_type=\"widget\" data-widget_type=\"image.default\">\n\t\t\t\t<div class=\"elementor-widget-container\">\n\t\t\t\t\t\t\t\t\t\t\t\t\t\t\t<img decoding=\"async\" width=\"728\" height=\"715\" src=\"https:\/\/katha.skyon.ch\/wp-content\/uploads\/2020\/08\/Katha-Art-18.jpg\" class=\"attachment-large size-large wp-image-95\" alt=\"\" srcset=\"https:\/\/katha.skyon.ch\/wp-content\/uploads\/2020\/08\/Katha-Art-18.jpg 728w, https:\/\/katha.skyon.ch\/wp-content\/uploads\/2020\/08\/Katha-Art-18-300x295.jpg 300w\" sizes=\"(max-width: 728px) 100vw, 728px\" \/>\t\t\t\t\t\t\t\t\t\t\t\t\t\t\t<\/div>\n\t\t\t\t<\/div>\n\t\t\t\t\t<\/div>\n\t\t<\/div>\n\t\t\t\t\t\t\t<\/div>\n\t\t<\/section>\n\t\t\t\t<section class=\"elementor-section elementor-top-section elementor-element elementor-element-6bf86f5 elementor-section-boxed elementor-section-height-default elementor-section-height-default\" data-id=\"6bf86f5\" data-element_type=\"section\">\n\t\t\t\t\t\t<div class=\"elementor-container elementor-column-gap-default\">\n\t\t\t\t\t<div class=\"elementor-column elementor-col-50 elementor-top-column elementor-element elementor-element-2fdb260\" data-id=\"2fdb260\" data-element_type=\"column\">\n\t\t\t<div class=\"elementor-widget-wrap elementor-element-populated\">\n\t\t\t\t\t\t\t\t<div class=\"elementor-element elementor-element-869e060 elementor-widget elementor-widget-image\" data-id=\"869e060\" data-element_type=\"widget\" data-widget_type=\"image.default\">\n\t\t\t\t<div class=\"elementor-widget-container\">\n\t\t\t\t\t\t\t\t\t\t\t\t\t\t\t<img loading=\"lazy\" decoding=\"async\" width=\"747\" height=\"770\" src=\"https:\/\/katha.skyon.ch\/wp-content\/uploads\/2020\/08\/Katha-Art-2.jpg\" class=\"attachment-large size-large wp-image-79\" alt=\"\" srcset=\"https:\/\/katha.skyon.ch\/wp-content\/uploads\/2020\/08\/Katha-Art-2.jpg 747w, https:\/\/katha.skyon.ch\/wp-content\/uploads\/2020\/08\/Katha-Art-2-291x300.jpg 291w\" sizes=\"(max-width: 747px) 100vw, 747px\" \/>\t\t\t\t\t\t\t\t\t\t\t\t\t\t\t<\/div>\n\t\t\t\t<\/div>\n\t\t\t\t\t<\/div>\n\t\t<\/div>\n\t\t\t\t<div class=\"elementor-column elementor-col-50 elementor-top-column elementor-element elementor-element-b913687\" data-id=\"b913687\" data-element_type=\"column\">\n\t\t\t<div class=\"elementor-widget-wrap elementor-element-populated\">\n\t\t\t\t\t\t\t\t<div class=\"elementor-element elementor-element-0f30072 elementor-widget elementor-widget-image\" data-id=\"0f30072\" data-element_type=\"widget\" data-widget_type=\"image.default\">\n\t\t\t\t<div class=\"elementor-widget-container\">\n\t\t\t\t\t\t\t\t\t\t\t\t\t\t\t<img loading=\"lazy\" decoding=\"async\" width=\"484\" height=\"679\" src=\"https:\/\/katha.skyon.ch\/wp-content\/uploads\/2020\/08\/Katha-Art-1.jpg\" class=\"attachment-large size-large wp-image-78\" alt=\"\" srcset=\"https:\/\/katha.skyon.ch\/wp-content\/uploads\/2020\/08\/Katha-Art-1.jpg 484w, https:\/\/katha.skyon.ch\/wp-content\/uploads\/2020\/08\/Katha-Art-1-214x300.jpg 214w\" sizes=\"(max-width: 484px) 100vw, 484px\" \/>\t\t\t\t\t\t\t\t\t\t\t\t\t\t\t<\/div>\n\t\t\t\t<\/div>\n\t\t\t\t\t<\/div>\n\t\t<\/div>\n\t\t\t\t\t\t\t<\/div>\n\t\t<\/section>\n\t\t\t\t\t\t\t<\/div>\n\t\t","protected":false},"excerpt":{"rendered":"<p>Was ist Pouring-Technik?&nbsp; Der englische Begriff \u201epouring\u201c bedeutet \u00fcbersetzt gie\u00dfen oder sch\u00fctten. Bei dieser Technik werden die Farben also nicht mit dem Pinsel oder Spachtel aufgetragen, sondern auf die Leinwand gesch\u00fcttet. Durch das Ineinanderflie\u00dfen mehrerer Farben ergeben sich interessante Marmoriereffekte. Dazu mischt man in die Acrylfarbe Wasser und ein \u00abpouring\u00bb Mittel. Ich verwende zus\u00e4tzlich f\u00fcr [&hellip;]<\/p>\n","protected":false},"author":1,"featured_media":0,"parent":0,"menu_order":0,"comment_status":"closed","ping_status":"closed","template":"","meta":{"footnotes":""},"_links":{"self":[{"href":"https:\/\/katha.skyon.ch\/index.php?rest_route=\/wp\/v2\/pages\/169"}],"collection":[{"href":"https:\/\/katha.skyon.ch\/index.php?rest_route=\/wp\/v2\/pages"}],"about":[{"href":"https:\/\/katha.skyon.ch\/index.php?rest_route=\/wp\/v2\/types\/page"}],"author":[{"embeddable":true,"href":"https:\/\/katha.skyon.ch\/index.php?rest_route=\/wp\/v2\/users\/1"}],"replies":[{"embeddable":true,"href":"https:\/\/katha.skyon.ch\/index.php?rest_route=%2Fwp%2Fv2%2Fcomments&post=169"}],"version-history":[{"count":5,"href":"https:\/\/katha.skyon.ch\/index.php?rest_route=\/wp\/v2\/pages\/169\/revisions"}],"predecessor-version":[{"id":196,"href":"https:\/\/katha.skyon.ch\/index.php?rest_route=\/wp\/v2\/pages\/169\/revisions\/196"}],"wp:attachment":[{"href":"https:\/\/katha.skyon.ch\/index.php?rest_route=%2Fwp%2Fv2%2Fmedia&parent=169"}],"curies":[{"name":"wp","href":"https:\/\/api.w.org\/{rel}","templated":true}]}}